{"id":8266,"date":"2021-05-22T10:26:06","date_gmt":"2021-05-22T10:26:06","guid":{"rendered":"https:\/\/wordpress.autmaring-engineering.de\/?page_id=8266"},"modified":"2022-01-12T16:49:35","modified_gmt":"2022-01-12T16:49:35","slug":"impressum","status":"publish","type":"page","link":"https:\/\/autmaring-engineering.de\/en\/impressum\/","title":{"rendered":"Impressum"},"content":{"rendered":"<section class=\"l-section wpb_row height_custom with_img parallax_ver parallaxdir_reversed\"><div class=\"l-section-img lazyload\" role=\"img\" aria-label=\"Autmaring Engineering GmbH\" data-img-width=\"1500\" data-img-height=\"1348\" style=\"background-image:inherit;background-repeat: no-repeat;\" data-bg-image=\"url(https:\/\/autmaring-engineering.de\/wp-content\/uploads\/2021\/05\/icon_engineering.jpg)\"><\/div><div class=\"l-section-overlay\" style=\"background:rgba(255,255,255,0.95)\"><\/div><div class=\"l-section-h i-cf\"><div class=\"g-cols vc_row via_flex valign_top type_default stacking_default\"><div class=\"vc_col-sm-12 wpb_column vc_column_container\"><div class=\"vc_column-inner\"><div class=\"wpb_wrapper\"><h1 style=\"text-align: center;font-family:Abril Fatface;font-weight:400;font-style:normal\" class=\"vc_custom_heading vc_do_custom_heading us_custom_fa388084\" >IMPRESSUM<\/h1><div class=\"w-separator size_medium with_line width_default thick_2 style_solid color_primary align_center\"><div class=\"w-separator-h\"><\/div><\/div><div class=\"g-cols wpb_row via_flex valign_top type_default stacking_default\"><div class=\"vc_col-sm-12 wpb_column vc_column_container\"><div class=\"vc_column-inner\"><div class=\"wpb_wrapper\"><div class=\"wpb_text_column\"><div class=\"wpb_wrapper\"><h3>VERANTWORTLICH F\u00dcR DEN INHALT<\/h3>\n<p>Gesch\u00e4ftsf\u00fchrer: Dipl.-Ing. Albinus Autmaring<br \/>\nUst-ID: DE 228 824 947<br \/>\nAmtsgericht Paderborn HRB 2990<\/p>\n<p>Autmaring Engineering GmbH<br \/>\nF\u00fcrstenallee 40<br \/>\n33102 Paderborn<\/p>\n<p>Tel.: +49 5251 \/ 877887-0<br \/>\nFax: +49 5251 \/ 877887-22<br \/>\nE-Mail: kontakt@autmaring.eu<br \/>\nGesch\u00e4ftsf\u00fchrer: Dipl.-Ing. Albinus Autmaring<br \/>\nUst-ID: DE 280 001 790<\/p>\n<p>Amtsgericht Paderborn HRB 10398<\/p>\n<h3>Sonstige Bestimmungen<\/h3>\n<p>Die Benutzungsbedingungen unterliegen deutschem Recht. Gerichtsstand f\u00fcr Streitigkeiten, die diesen Internetauftritt betreffen, ist Paderborn. Sollte eine der Bestimmungen dieser Benutzungsbedingungen unwirksam sein oder werden, wird die G\u00fcltigkeit der \u00fcbrigen Bestimmungen davon nicht ber\u00fchrt.<\/p>\n<h3>Links<\/h3>\n<p>Die Seiten des Internetauftritts erhalten auch Verkn\u00fcpfungen (sog. \u201eHyperlinks\u201c) zu Webseiten im Internet, die von Dritten gepflegt werden und deren Inhalte uns nicht bekannt sind. Wir vermitteln lediglich den Zugang zu diesen Webseiten und \u00fcbernehmen keinerlei Verantwortung f\u00fcr deren Inhalte. Unsere Links zu fremden Internetseiten dienen lediglich zur Erleichterung der Navigation. Wir machen uns die auf den verlinkten Seiten dargestellten Aussagen nicht zu eigen. Insbesondere haften wir nicht f\u00fcr dort begangene Verst\u00f6\u00dfe gegen gesetzliche Bestimmungen und Rechte Dritter.<\/p>\n<h3>Informationspflichten<\/h3>\n<p>Wir haben die Informationen auf den Webseiten nach bestem Wissen zusammengestellt. Sie k\u00f6nnen sich jedoch jederzeit \u00e4ndern, insbesondere um einer technischen bzw. wirtschaftlichen Weiterentwicklung oder ge\u00e4nderten Einsatz- und Rahmenbedingungen Rechnung zu tragen, ohne dass es einer Ank\u00fcndigung oder eines Hinweises auf die \u00c4nderung bedarf.<\/p>\n<p>Die Webseiten dienen allein der Information. Sie erhalten keinerlei verbindliche Garantien, Gew\u00e4hrleistungen oder Zusicherungen. Verbindliche Aussagen k\u00f6nnen nur im Einzelfall auf eine konkrete Anfrage hin getroffen werden.<\/p>\n<h3>Serverstandort<\/h3>\n<p>Bundesrepublik Deutschland<\/p>\n<h3>Urherberrecht<\/h3>\n<p>Die Seiten des Internet-Auftritts genie\u00dfen urheberrechtlichen Schutz. Insbesondere Vervielf\u00e4ltigungen und die Einspeicherung und Verarbeitung in anderen elektronischen Medien sind urheberrechtlich gesch\u00fctzt.<\/p>\n<p>Nachahmung und Verwertung -auch auszugsweise- sind nur mit Genehmigung statthaft.<\/p>\n<p>Inhalt und Struktur der Website sind urheberrechtlich gesch\u00fctzt. Die Vervielf\u00e4ltigung von Informationen und Daten, insbesondere die Verwendung von Texten, Textteilen oder Bildmaterial, bedarf der vorherigen schriftlichen Zustimmung.<\/p>\n<\/div><\/div><\/div><\/div><\/div><\/div><\/div><\/div><\/div><\/div><\/div><\/section>","protected":false},"excerpt":{"rendered":"IMPRESSUMVERANTWORTLICH F\u00dcR DEN INHALT Gesch\u00e4ftsf\u00fchrer: Dipl.-Ing. Albinus Autmaring Ust-ID: DE 228 824 947 Amtsgericht Paderborn HRB 2990 Autmaring Engineering GmbH F\u00fcrstenallee 40 33102 Paderborn Tel.: +49 5251 \/ 877887-0 Fax: +49 5251 \/ 877887-22 E-Mail: kontakt@autmaring.eu Gesch\u00e4ftsf\u00fchrer: Dipl.-Ing. Albinus Autmaring Ust-ID: DE 280 001 790 Amtsgericht Paderborn HRB 10398 Sonstige Bestimmungen Die Benutzungsbedingungen unterliegen deutschem...","protected":false},"author":1,"featured_media":0,"parent":0,"menu_order":0,"comment_status":"closed","ping_status":"closed","template":"","meta":{"footnotes":"","_wp_rev_ctl_limit":""},"class_list":["post-8266","page","type-page","status-publish","hentry"],"yoast_head":"<!-- This site is optimized with the Yoast SEO plugin v27.5 - https:\/\/yoast.com\/product\/yoast-seo-wordpress\/ -->\n<title>Impressum<\/title>\n<meta name=\"description\" content=\"Impressum - Inhalt und Struktur der Website sind urheberrechtlich gesch\u00fctzt. Die Vervielf\u00e4ltigung von Informationen und Daten, insbesondere\" \/>\n<meta name=\"robots\" content=\"index, follow, max-snippet:-1, max-image-preview:large, max-video-preview:-1\" \/>\n<link rel=\"canonical\" href=\"https:\/\/autmaring-engineering.de\/en\/impressum\/\" \/>\n<meta property=\"og:locale\" content=\"en_GB\" \/>\n<meta property=\"og:type\" content=\"article\" \/>\n<meta property=\"og:title\" content=\"Impressum\" \/>\n<meta property=\"og:description\" content=\"Impressum - Inhalt und Struktur der Website sind urheberrechtlich gesch\u00fctzt. Die Vervielf\u00e4ltigung von Informationen und Daten, insbesondere\" \/>\n<meta property=\"og:url\" content=\"https:\/\/autmaring-engineering.de\/en\/impressum\/\" \/>\n<meta property=\"og:site_name\" content=\"Autmaring Engineering\" \/>\n<meta property=\"article:modified_time\" content=\"2022-01-12T16:49:35+00:00\" \/>\n<meta name=\"twitter:card\" content=\"summary_large_image\" \/>\n<meta name=\"twitter:label1\" content=\"Estimated reading time\" \/>\n\t<meta name=\"twitter:data1\" content=\"2 minutes\" \/>\n<script type=\"application\/ld+json\" class=\"yoast-schema-graph\">{\"@context\":\"https:\\\/\\\/schema.org\",\"@graph\":[{\"@type\":\"WebPage\",\"@id\":\"https:\\\/\\\/autmaring-engineering.de\\\/impressum\\\/\",\"url\":\"https:\\\/\\\/autmaring-engineering.de\\\/impressum\\\/\",\"name\":\"Impressum\",\"isPartOf\":{\"@id\":\"https:\\\/\\\/autmaring-engineering.de\\\/#website\"},\"datePublished\":\"2021-05-22T10:26:06+00:00\",\"dateModified\":\"2022-01-12T16:49:35+00:00\",\"description\":\"Impressum - Inhalt und Struktur der Website sind urheberrechtlich gesch\u00fctzt. Die Vervielf\u00e4ltigung von Informationen und Daten, insbesondere\",\"breadcrumb\":{\"@id\":\"https:\\\/\\\/autmaring-engineering.de\\\/impressum\\\/#breadcrumb\"},\"inLanguage\":\"en-GB\",\"potentialAction\":[{\"@type\":\"ReadAction\",\"target\":[\"https:\\\/\\\/autmaring-engineering.de\\\/impressum\\\/\"]}]},{\"@type\":\"BreadcrumbList\",\"@id\":\"https:\\\/\\\/autmaring-engineering.de\\\/impressum\\\/#breadcrumb\",\"itemListElement\":[{\"@type\":\"ListItem\",\"position\":1,\"name\":\"Startseite\",\"item\":\"https:\\\/\\\/autmaring-engineering.de\\\/\"},{\"@type\":\"ListItem\",\"position\":2,\"name\":\"Impressum\"}]},{\"@type\":\"WebSite\",\"@id\":\"https:\\\/\\\/autmaring-engineering.de\\\/#website\",\"url\":\"https:\\\/\\\/autmaring-engineering.de\\\/\",\"name\":\"Autmaring Engineering\",\"description\":\"Ma\u00dfgeschneiderte Betriebsmittel und FFP2 Maskenproduzent\",\"potentialAction\":[{\"@type\":\"SearchAction\",\"target\":{\"@type\":\"EntryPoint\",\"urlTemplate\":\"https:\\\/\\\/autmaring-engineering.de\\\/?s={search_term_string}\"},\"query-input\":{\"@type\":\"PropertyValueSpecification\",\"valueRequired\":true,\"valueName\":\"search_term_string\"}}],\"inLanguage\":\"en-GB\"}]}<\/script>\n<!-- \/ Yoast SEO plugin. -->","yoast_head_json":{"title":"Impressum","description":"Impressum - Inhalt und Struktur der Website sind urheberrechtlich gesch\u00fctzt. Die Vervielf\u00e4ltigung von Informationen und Daten, insbesondere","robots":{"index":"index","follow":"follow","max-snippet":"max-snippet:-1","max-image-preview":"max-image-preview:large","max-video-preview":"max-video-preview:-1"},"canonical":"https:\/\/autmaring-engineering.de\/en\/impressum\/","og_locale":"en_GB","og_type":"article","og_title":"Impressum","og_description":"Impressum - Inhalt und Struktur der Website sind urheberrechtlich gesch\u00fctzt. Die Vervielf\u00e4ltigung von Informationen und Daten, insbesondere","og_url":"https:\/\/autmaring-engineering.de\/en\/impressum\/","og_site_name":"Autmaring Engineering","article_modified_time":"2022-01-12T16:49:35+00:00","twitter_card":"summary_large_image","twitter_misc":{"Estimated reading time":"2 minutes"},"schema":{"@context":"https:\/\/schema.org","@graph":[{"@type":"WebPage","@id":"https:\/\/autmaring-engineering.de\/impressum\/","url":"https:\/\/autmaring-engineering.de\/impressum\/","name":"Impressum","isPartOf":{"@id":"https:\/\/autmaring-engineering.de\/#website"},"datePublished":"2021-05-22T10:26:06+00:00","dateModified":"2022-01-12T16:49:35+00:00","description":"Impressum - Inhalt und Struktur der Website sind urheberrechtlich gesch\u00fctzt. Die Vervielf\u00e4ltigung von Informationen und Daten, insbesondere","breadcrumb":{"@id":"https:\/\/autmaring-engineering.de\/impressum\/#breadcrumb"},"inLanguage":"en-GB","potentialAction":[{"@type":"ReadAction","target":["https:\/\/autmaring-engineering.de\/impressum\/"]}]},{"@type":"BreadcrumbList","@id":"https:\/\/autmaring-engineering.de\/impressum\/#breadcrumb","itemListElement":[{"@type":"ListItem","position":1,"name":"Startseite","item":"https:\/\/autmaring-engineering.de\/"},{"@type":"ListItem","position":2,"name":"Impressum"}]},{"@type":"WebSite","@id":"https:\/\/autmaring-engineering.de\/#website","url":"https:\/\/autmaring-engineering.de\/","name":"Autmaring Engineering","description":"Ma\u00dfgeschneiderte Betriebsmittel und FFP2 Maskenproduzent","potentialAction":[{"@type":"SearchAction","target":{"@type":"EntryPoint","urlTemplate":"https:\/\/autmaring-engineering.de\/?s={search_term_string}"},"query-input":{"@type":"PropertyValueSpecification","valueRequired":true,"valueName":"search_term_string"}}],"inLanguage":"en-GB"}]}},"_links":{"self":[{"href":"https:\/\/autmaring-engineering.de\/en\/wp-json\/wp\/v2\/pages\/8266","targetHints":{"allow":["GET"]}}],"collection":[{"href":"https:\/\/autmaring-engineering.de\/en\/wp-json\/wp\/v2\/pages"}],"about":[{"href":"https:\/\/autmaring-engineering.de\/en\/wp-json\/wp\/v2\/types\/page"}],"author":[{"embeddable":true,"href":"https:\/\/autmaring-engineering.de\/en\/wp-json\/wp\/v2\/users\/1"}],"replies":[{"embeddable":true,"href":"https:\/\/autmaring-engineering.de\/en\/wp-json\/wp\/v2\/comments?post=8266"}],"version-history":[{"count":5,"href":"https:\/\/autmaring-engineering.de\/en\/wp-json\/wp\/v2\/pages\/8266\/revisions"}],"predecessor-version":[{"id":8527,"href":"https:\/\/autmaring-engineering.de\/en\/wp-json\/wp\/v2\/pages\/8266\/revisions\/8527"}],"wp:attachment":[{"href":"https:\/\/autmaring-engineering.de\/en\/wp-json\/wp\/v2\/media?parent=8266"}],"curies":[{"name":"wp","href":"https:\/\/api.w.org\/{rel}","templated":true}]}}